{"id":299,"date":"2020-03-13T13:32:26","date_gmt":"2020-03-13T12:32:26","guid":{"rendered":"http:\/\/hausundgruen.de\/neu\/?page_id=299"},"modified":"2025-08-26T14:49:18","modified_gmt":"2025-08-26T12:49:18","slug":"impressum","status":"publish","type":"page","link":"https:\/\/hausundgruen.de\/neu\/impressum\/","title":{"rendered":"Impressum"},"content":{"rendered":"<p>[et_pb_section fb_built=&#8220;1&#8243; admin_label=&#8220;Hero&#8220; _builder_version=&#8220;4.16&#8243; custom_padding=&#8220;0|0px|54px|0px|false|false&#8220; bottom_divider_height=&#8220;0px&#8220; border_width_bottom=&#8220;1px&#8220; border_color_bottom=&#8220;#efefef&#8220; global_colors_info=&#8220;{}&#8220;][et_pb_row column_structure=&#8220;1_2,1_2&#8243; _builder_version=&#8220;4.16&#8243; width=&#8220;100%&#8220; max_width=&#8220;100%&#8220; custom_margin=&#8220;|||&#8220; custom_margin_tablet=&#8220;||0px|&#8220; custom_margin_phone=&#8220;&#8220; custom_margin_last_edited=&#8220;on|desktop&#8220; custom_padding=&#8220;0|0px|27px|0px|false|false&#8220; use_custom_width=&#8220;on&#8220; width_unit=&#8220;off&#8220; custom_width_percent=&#8220;100%&#8220; global_colors_info=&#8220;{}&#8220;][et_pb_column type=&#8220;1_2&#8243; _builder_version=&#8220;4.16&#8243; custom_padding=&#8220;6%||6%|12%&#8220; custom_padding_tablet=&#8220;50px|50px|50px|50px&#8220; custom_padding_phone=&#8220;&#8220; custom_padding_last_edited=&#8220;on|tablet&#8220; global_colors_info=&#8220;{}&#8220; padding_tablet=&#8220;50px|50px|50px|50px&#8220; padding_last_edited=&#8220;on|tablet&#8220; custom_padding__hover=&#8220;|||&#8220; padding_phone=&#8220;50px|50px|50px|50px&#8220;][et_pb_text _builder_version=&#8220;4.16&#8243; text_font=&#8220;Montserrat|300|||||||&#8220; text_text_color=&#8220;#677a92&#8243; text_font_size=&#8220;16px&#8220; text_line_height=&#8220;1.8em&#8220; header_font=&#8220;Montserrat||||||||&#8220; header_font_size=&#8220;50px&#8220; header_line_height=&#8220;1.3em&#8220; header_2_font=&#8220;||||||||&#8220; max_width=&#8220;600px&#8220; custom_margin=&#8220;|||&#8220; custom_margin_tablet=&#8220;0px|50px||50px&#8220; custom_margin_phone=&#8220;|20px||&#8220; custom_margin_last_edited=&#8220;off|desktop&#8220; custom_padding=&#8220;|||&#8220; text_line_height_tablet=&#8220;1.8em&#8220; text_line_height_phone=&#8220;1.8em&#8220; text_line_height_last_edited=&#8220;on|phone&#8220; header_font_size_tablet=&#8220;&#8220; header_font_size_phone=&#8220;36px&#8220; header_font_size_last_edited=&#8220;on|phone&#8220; header_2_font_size_phone=&#8220;30px&#8220; header_2_font_size_last_edited=&#8220;off|desktop&#8220; locked=&#8220;off&#8220; global_colors_info=&#8220;{}&#8220;]<\/p>\n<h1>Impressum<\/h1>\n<p>[\/et_pb_text][et_pb_text _builder_version=&#8220;4.16.1&#8243; text_font=&#8220;Montserrat|300|||||||&#8220; text_font_size=&#8220;16px&#8220; text_line_height=&#8220;2em&#8220; link_font=&#8220;||||||||&#8220; ul_font=&#8220;||||||||&#8220; ol_font=&#8220;||||||||&#8220; quote_font=&#8220;||||||||&#8220; header_font=&#8220;||||||||&#8220; header_2_font=&#8220;Montserrat|300|||||||&#8220; header_2_text_color=&#8220;#212d3b&#8220; header_2_font_size=&#8220;40px&#8220; header_2_line_height=&#8220;1.5em&#8220; max_width=&#8220;600px&#8220; custom_margin=&#8220;|||&#8220; custom_margin_tablet=&#8220;0px|50px||50px&#8220; custom_margin_last_edited=&#8220;off|desktop&#8220; custom_padding=&#8220;|||&#8220; locked=&#8220;off&#8220; global_colors_info=&#8220;{}&#8220;]<\/p>\n<p><strong>Gesellschaft f\u00fcr Haus &amp; Gr\u00fcn mbH<\/strong><\/p>\n<p>Verantwortlich und Anbieter im Sinne von \u00a7 5 TMG sowie Verantwortlicher i.S.d. Art. 4 Nr. 7 DSGVO ist<\/p>\n<p>Peter Netz<\/p>\n<p>Schmalheck 7<br \/>35625 Rechtenbach<br \/>Tel.: 06441 47 341<br \/>Fax.: 06441 41 0373<br \/>Mail: info (at) hausundgruen.de<br \/>Web: http:\/\/hausundgruen.de<\/p>\n<p>Umsatzsteuer-Identnummer gem\u00e4\u00df \u00a727 a Umsatzsteuergesetz:<br \/>03985130579 FA Gie\u00dfen<\/p>\n<p>HRB 2078<br \/>Amtsgericht Giessen<\/p>\n<p>Hinweis: Sofern auf dieser Homepage mittels Hyperlink auf andere Webseiten verweisen wird, kann keine Haftung f\u00fcr die Aktualit\u00e4t, Richtigkeit oder Vollst\u00e4ndigkeit der dort zur Verf\u00fcgung gestellten Informationen \u00fcbernommen werden. F\u00fcr den Inhalt verlinkter Webseiten ist der Inhaber dieser Homepage nicht verantwortlich.<\/p>\n<p>Das ab 1. Januar 2002 geltende Teledienstgesetz schreibt die Bereitstellung bestimmter Mindestinformationen vor, welche f\u00fcr den Nutzer der Internetpr\u00e4senz abrufbar sein m\u00fcssen.<\/p>\n<p>Diese Angaben finden sie hier:<\/p>\n<p>Umsetzung und Design: <strong><a href=\"http:\/\/retop-medien.de\" target=\"_blank\" rel=\"noopener noreferrer\" title=\"Professionelles Web Design\">Retop Medien<\/a><\/strong> \u00a9 2013-25<\/p>\n<p>Bildnachweis:<br \/>Retop Medien<br \/>Fotolia<\/p>\n<p>[\/et_pb_text][\/et_pb_column][et_pb_column type=&#8220;1_2&#8243; _builder_version=&#8220;4.16&#8243; custom_padding=&#8220;|||&#8220; global_colors_info=&#8220;{}&#8220; custom_padding__hover=&#8220;|||&#8220;][et_pb_image src=&#8220;https:\/\/hausundgruen.de\/neu\/wp-content\/uploads\/2020\/02\/AdobeStock_285633178-scaled.jpeg&#8220; force_fullwidth=&#8220;on&#8220; align_tablet=&#8220;center&#8220; align_phone=&#8220;&#8220; align_last_edited=&#8220;on|desktop&#8220; _builder_version=&#8220;4.16&#8243; custom_margin=&#8220;|||&#8220; custom_padding=&#8220;|||&#8220; animation_style=&#8220;fold&#8220; border_radii=&#8220;|24vw|||24vw&#8220; border_color_all=&#8220;#68b42d&#8220; border_width_left=&#8220;2vw&#8220; border_color_left=&#8220;#37dfff&#8220; box_shadow_style=&#8220;preset4&#8243; box_shadow_horizontal=&#8220;-30px&#8220; box_shadow_spread=&#8220;-10px&#8220; box_shadow_color=&#8220;#68b42d&#8220; global_colors_info=&#8220;{}&#8220;][\/et_pb_image][\/et_pb_column][\/et_pb_row][\/et_pb_section]<\/p>\n","protected":false},"excerpt":{"rendered":"<p>ImpressumGesellschaft f\u00fcr Haus &amp; Gr\u00fcn mbH Verantwortlich und Anbieter im Sinne von \u00a7 5 TMG sowie Verantwortlicher i.S.d. Art. 4 Nr. 7 DSGVO ist Peter Netz Schmalheck 735625 RechtenbachTel.: 06441 47 341Fax.: 06441 41 0373Mail: info (at) hausundgruen.deWeb: http:\/\/hausundgruen.de Umsatzsteuer-Identnummer gem\u00e4\u00df \u00a727 a Umsatzsteuergesetz:03985130579 FA Gie\u00dfen HRB 2078Amtsgericht Giessen Hinweis: Sofern auf dieser Homepage mittels [&hellip;]<\/p>\n","protected":false},"author":1,"featured_media":0,"parent":0,"menu_order":0,"comment_status":"closed","ping_status":"closed","template":"","meta":{"_et_pb_use_builder":"on","_et_pb_old_content":"","_et_gb_content_width":"","footnotes":""},"class_list":["post-299","page","type-page","status-publish","hentry"],"_links":{"self":[{"href":"https:\/\/hausundgruen.de\/neu\/wp-json\/wp\/v2\/pages\/299","targetHints":{"allow":["GET"]}}],"collection":[{"href":"https:\/\/hausundgruen.de\/neu\/wp-json\/wp\/v2\/pages"}],"about":[{"href":"https:\/\/hausundgruen.de\/neu\/wp-json\/wp\/v2\/types\/page"}],"author":[{"embeddable":true,"href":"https:\/\/hausundgruen.de\/neu\/wp-json\/wp\/v2\/users\/1"}],"replies":[{"embeddable":true,"href":"https:\/\/hausundgruen.de\/neu\/wp-json\/wp\/v2\/comments?post=299"}],"version-history":[{"count":11,"href":"https:\/\/hausundgruen.de\/neu\/wp-json\/wp\/v2\/pages\/299\/revisions"}],"predecessor-version":[{"id":656,"href":"https:\/\/hausundgruen.de\/neu\/wp-json\/wp\/v2\/pages\/299\/revisions\/656"}],"wp:attachment":[{"href":"https:\/\/hausundgruen.de\/neu\/wp-json\/wp\/v2\/media?parent=299"}],"curies":[{"name":"wp","href":"https:\/\/api.w.org\/{rel}","templated":true}]}}