{"id":365,"date":"2020-03-13T14:26:06","date_gmt":"2020-03-13T13:26:06","guid":{"rendered":"http:\/\/hausundgruen.de\/neu\/?page_id=365"},"modified":"2020-05-15T10:44:23","modified_gmt":"2020-05-15T08:44:23","slug":"gebaudereingung","status":"publish","type":"page","link":"https:\/\/hausundgruen.de\/neu\/gebaudereingung\/","title":{"rendered":"Geb\u00e4udereinigung"},"content":{"rendered":"<p>[et_pb_section fb_built=&#8220;1&#8243; fullwidth=&#8220;on&#8220; admin_label=&#8220;Header&#8220; _builder_version=&#8220;4.4.1&#8243; background_image=&#8220;https:\/\/hausundgruen.de\/neu\/wp-content\/uploads\/2020\/03\/cleaning-services-15.jpg&#8220; custom_margin=&#8220;|||&#8220; custom_padding=&#8220;|||&#8220; animation_style=&#8220;roll&#8220;][et_pb_fullwidth_header title=&#8220;Geb\u00e4udereinigung&#8220; button_one_url=&#8220;#&#8220; button_two_url=&#8220;#&#8220; scroll_down_icon_size_tablet=&#8220;&#8220; scroll_down_icon_size_phone=&#8220;&#8220; scroll_down_icon_size_last_edited=&#8220;on|phone&#8220; _builder_version=&#8220;4.4.1&#8243; title_font=&#8220;Ubuntu|700|||||||&#8220; title_font_size=&#8220;70px&#8220; title_line_height=&#8220;1.2em&#8220; content_font=&#8220;|600|||||||&#8220; content_font_size=&#8220;20px&#8220; content_line_height=&#8220;2em&#8220; background_color=&#8220;rgba(255,255,255,0)&#8220; use_background_color_gradient=&#8220;on&#8220; background_color_gradient_start=&#8220;rgba(255,255,255,0)&#8220; background_color_gradient_end=&#8220;#ffffff&#8220; background_color_gradient_type=&#8220;radial&#8220; background_color_gradient_direction_radial=&#8220;right&#8220; background_color_gradient_end_position=&#8220;70%&#8220; background_image=&#8220;https:\/\/hausundgruen.de\/neu\/wp-content\/uploads\/2020\/03\/cleaning-services-01.png&#8220; custom_button_one=&#8220;on&#8220; button_one_text_size=&#8220;18px&#8220; button_one_text_color=&#8220;#ffffff&#8220; button_one_bg_color=&#8220;#f2835a&#8220; button_one_bg_color_gradient_start=&#8220;#f2835a&#8220; button_one_bg_color_gradient_end=&#8220;#fab993&#8243; button_one_bg_color_gradient_direction=&#8220;90deg&#8220; button_one_bg_color_gradient_overlays_image=&#8220;on&#8220; button_one_border_width=&#8220;10px&#8220; button_one_border_color=&#8220;#f2835a&#8220; button_one_border_radius=&#8220;0px&#8220; button_one_font=&#8220;Ubuntu|700|||||||&#8220; custom_button_two=&#8220;on&#8220; button_two_text_size=&#8220;18px&#8220; button_two_text_color=&#8220;#ffffff&#8220; button_two_bg_color=&#8220;#557df3&#8243; button_two_border_width=&#8220;10px&#8220; button_two_border_color=&#8220;#557df3&#8243; button_two_border_radius=&#8220;0px&#8220; button_two_font=&#8220;Ubuntu|700|||||||&#8220; background_layout=&#8220;light&#8220; custom_padding=&#8220;6vw||6vw||true&#8220; custom_padding_tablet=&#8220;||||false&#8220; custom_padding_phone=&#8220;3vw||3vw||true&#8220; custom_padding_last_edited=&#8220;on|phone&#8220; animation_style=&#8220;fade&#8220; title_font_size_tablet=&#8220;35px&#8220; title_font_size_phone=&#8220;25px&#8220; title_font_size_last_edited=&#8220;on|phone&#8220; content_font_size_tablet=&#8220;16px&#8220; content_font_size_phone=&#8220;14px&#8220; content_font_size_last_edited=&#8220;on|phone&#8220; button_one_text_size_tablet=&#8220;&#8220; button_one_text_size_phone=&#8220;&#8220; button_one_text_size_last_edited=&#8220;on|desktop&#8220; button_one_border_radius_hover=&#8220;0px&#8220; button_two_border_radius_hover=&#8220;0px&#8220; button_one_text_size__hover_enabled=&#8220;off&#8220; button_two_text_size__hover_enabled=&#8220;off&#8220; button_one_text_color__hover_enabled=&#8220;off&#8220; button_two_text_color__hover_enabled=&#8220;off&#8220; button_one_border_width__hover_enabled=&#8220;off&#8220; button_two_border_width__hover_enabled=&#8220;off&#8220; button_one_border_color__hover_enabled=&#8220;off&#8220; button_two_border_color__hover_enabled=&#8220;off&#8220; button_one_border_radius__hover_enabled=&#8220;on&#8220; button_one_border_radius__hover=&#8220;0px&#8220; button_two_border_radius__hover_enabled=&#8220;on&#8220; button_two_border_radius__hover=&#8220;0px&#8220; button_one_letter_spacing__hover_enabled=&#8220;off&#8220; button_two_letter_spacing__hover_enabled=&#8220;off&#8220; button_one_bg_color__hover_enabled=&#8220;off&#8220; button_two_bg_color__hover_enabled=&#8220;off&#8220;]<\/p>\n<p><strong>Wir sind Ihr Partner, in der Reinigung und Pflege Ihrer Ladengesch\u00e4fte!<\/strong><\/p>\n<p>&nbsp;<\/p>\n<p>[\/et_pb_fullwidth_header][\/et_pb_section][et_pb_section fb_built=&#8220;1&#8243; admin_label=&#8220;About Us&#8220; _builder_version=&#8220;3.22&#8243; custom_padding=&#8220;54px|0px|0|0px|false|false&#8220;][et_pb_row column_structure=&#8220;2_3,1_3&#8243; _builder_version=&#8220;3.25&#8243;][et_pb_column type=&#8220;2_3&#8243; _builder_version=&#8220;3.25&#8243; custom_padding=&#8220;|||&#8220; custom_padding__hover=&#8220;|||&#8220;][et_pb_text _builder_version=&#8220;4.4.1&#8243; text_font=&#8220;||||||||&#8220; text_font_size=&#8220;15px&#8220; text_line_height=&#8220;2em&#8220; ul_font=&#8220;|700|||||||&#8220; ul_line_height=&#8220;2em&#8220; ol_font=&#8220;||||||||&#8220; header_font=&#8220;||||||||&#8220; header_2_font=&#8220;Ubuntu|700|||||||&#8220; header_2_font_size=&#8220;40px&#8220; header_2_line_height=&#8220;1.4em&#8220; header_3_font=&#8220;||||||||&#8220; header_4_font=&#8220;||||||||&#8220; header_5_font=&#8220;||||||||&#8220; header_6_font=&#8220;||||||||&#8220; header_2_font_size_tablet=&#8220;&#8220; header_2_font_size_phone=&#8220;24px&#8220; header_2_font_size_last_edited=&#8220;on|phone&#8220;]<\/p>\n<h2>Unser Service<\/h2>\n<p>Fliesenb\u00f6den, Natursteinb\u00f6den, Betonsteinb\u00f6den, PVC-B\u00f6den,\u00a0 Laminat oder Parkettb\u00f6den, sowie Teppichb\u00f6den.<br \/>F\u00fcr jede Bodenart verwenden wir die passende Reinigungstechnik.<br \/>F\u00fcr Grundreinigungen, Einpflege und Versiegelungen steht Ihnen unser \u00a0Team zur Verf\u00fcgung, zum Beispiel nach Neu- oder Umbauten in Ihren Verkaufsr\u00e4umen.<\/p>\n<p>Die Reinigung von Nebenr\u00e4umen, Aufenthaltsr\u00e4umen, Ladenlokale geh\u00f6rt genauso zum Umfang wie die Entsorgung von M\u00fcll und Verpackungsmaterialien!<\/p>\n<p><b>Gerne \u00fcbernehmen wir die Pflege der Verkaufsregale,\u00a0 Warentr\u00e4ger, Kassenbereiche.<\/b><\/p>\n<p>Selbstverst\u00e4ndlich k\u00fcmmern wir uns um die Reinigung Ihrer Glasfl\u00e4chen, Schaufenster sind der erste Eindruck, den Ihr Kunde von Ihrem Gesch\u00e4ft bekommt!<\/p>\n<p>Wir erstellen Ihnen ein Leistungsverzeichnis nach Ihren W\u00fcnschen,\u00a0 Sie erhalten ein faires Angebot.<\/p>\n<p>[\/et_pb_text][\/et_pb_column][et_pb_column type=&#8220;1_3&#8243; _builder_version=&#8220;3.25&#8243; custom_padding=&#8220;|||&#8220; custom_padding__hover=&#8220;|||&#8220;][et_pb_image src=&#8220;https:\/\/hausundgruen.de\/neu\/wp-content\/uploads\/2020\/03\/cleaning-services-15.jpg&#8220; align=&#8220;center&#8220; _builder_version=&#8220;4.4.1&#8243; module_alignment=&#8220;center&#8220;][\/et_pb_image][et_pb_image src=&#8220;https:\/\/hausundgruen.de\/neu\/wp-content\/uploads\/2020\/03\/reinigung.jpg&#8220; _builder_version=&#8220;4.4.1&#8243; animation_style=&#8220;fold&#8220; animation_duration=&#8220;1900ms&#8220;][\/et_pb_image][\/et_pb_column][\/et_pb_row][\/et_pb_section][et_pb_section fb_built=&#8220;1&#8243; admin_label=&#8220;Financing&#8220; _builder_version=&#8220;4.4.5&#8243; background_image=&#8220;https:\/\/hausundgruen.de\/neu\/wp-content\/uploads\/2020\/02\/AdobeStock_285634141-scaled.jpeg&#8220; custom_padding=&#8220;250px||0px||false|false&#8220; top_divider_style=&#8220;arrow3&#8243; top_divider_color=&#8220;#ffffff&#8220; top_divider_height_tablet=&#8220;&#8220; top_divider_height_phone=&#8220;50px&#8220; top_divider_height_last_edited=&#8220;on|phone&#8220;][et_pb_row module_class=&#8220; et_pb_row_fullwidth&#8220; _builder_version=&#8220;3.25&#8243; width=&#8220;89%&#8220; width_tablet=&#8220;80%&#8220; width_phone=&#8220;&#8220; width_last_edited=&#8220;on|desktop&#8220; max_width=&#8220;89%&#8220; max_width_tablet=&#8220;80%&#8220; max_width_phone=&#8220;&#8220; max_width_last_edited=&#8220;on|desktop&#8220; custom_margin=&#8220;|||&#8220; custom_padding=&#8220;0|0px|0px|0px|false|false&#8220; make_fullwidth=&#8220;on&#8220;][et_pb_column type=&#8220;4_4&#8243; _builder_version=&#8220;3.25&#8243; custom_padding=&#8220;|||&#8220; custom_padding__hover=&#8220;|||&#8220;][et_pb_text _builder_version=&#8220;4.4.5&#8243; text_font=&#8220;||||||||&#8220; header_font=&#8220;||||||||&#8220; header_line_height=&#8220;0.7em&#8220; header_2_font=&#8220;Teko|500||on|||||&#8220; header_2_text_color=&#8220;#ffffff&#8220; header_2_font_size=&#8220;9vw&#8220; header_2_line_height=&#8220;1.2em&#8220; text_orientation=&#8220;center&#8220; animation_style=&#8220;zoom&#8220; animation_delay=&#8220;100ms&#8220; animation_intensity_zoom=&#8220;20%&#8220; header_line_height_tablet=&#8220;&#8220; header_line_height_phone=&#8220;1.2em&#8220; header_line_height_last_edited=&#8220;on|phone&#8220;][\/et_pb_text][\/et_pb_column][\/et_pb_row][\/et_pb_section]<\/p>\n","protected":false},"excerpt":{"rendered":"<p>Wir sind Ihr Partner, in der Reinigung und Pflege Ihrer Ladengesch\u00e4fte! &nbsp;Unser Service Fliesenb\u00f6den, Natursteinb\u00f6den, Betonsteinb\u00f6den, PVC-B\u00f6den,\u00a0 Laminat oder Parkettb\u00f6den, sowie Teppichb\u00f6den.F\u00fcr jede Bodenart verwenden wir die passende Reinigungstechnik.F\u00fcr Grundreinigungen, Einpflege und Versiegelungen steht Ihnen unser \u00a0Team zur Verf\u00fcgung, zum Beispiel nach Neu- oder Umbauten in Ihren Verkaufsr\u00e4umen. Die Reinigung von Nebenr\u00e4umen, Aufenthaltsr\u00e4umen, Ladenlokale geh\u00f6rt [&hellip;]<\/p>\n","protected":false},"author":1,"featured_media":0,"parent":0,"menu_order":0,"comment_status":"closed","ping_status":"closed","template":"","meta":{"_et_pb_use_builder":"on","_et_pb_old_content":"","_et_gb_content_width":"","footnotes":""},"class_list":["post-365","page","type-page","status-publish","hentry"],"_links":{"self":[{"href":"https:\/\/hausundgruen.de\/neu\/wp-json\/wp\/v2\/pages\/365","targetHints":{"allow":["GET"]}}],"collection":[{"href":"https:\/\/hausundgruen.de\/neu\/wp-json\/wp\/v2\/pages"}],"about":[{"href":"https:\/\/hausundgruen.de\/neu\/wp-json\/wp\/v2\/types\/page"}],"author":[{"embeddable":true,"href":"https:\/\/hausundgruen.de\/neu\/wp-json\/wp\/v2\/users\/1"}],"replies":[{"embeddable":true,"href":"https:\/\/hausundgruen.de\/neu\/wp-json\/wp\/v2\/comments?post=365"}],"version-history":[{"count":9,"href":"https:\/\/hausundgruen.de\/neu\/wp-json\/wp\/v2\/pages\/365\/revisions"}],"predecessor-version":[{"id":535,"href":"https:\/\/hausundgruen.de\/neu\/wp-json\/wp\/v2\/pages\/365\/revisions\/535"}],"wp:attachment":[{"href":"https:\/\/hausundgruen.de\/neu\/wp-json\/wp\/v2\/media?parent=365"}],"curies":[{"name":"wp","href":"https:\/\/api.w.org\/{rel}","templated":true}]}}