{"id":597,"date":"2021-06-09T16:01:53","date_gmt":"2021-06-09T14:01:53","guid":{"rendered":"https:\/\/hausundgruen.de\/neu\/?page_id=597"},"modified":"2021-06-09T16:19:49","modified_gmt":"2021-06-09T14:19:49","slug":"stellenanzeige-putzteufel","status":"publish","type":"page","link":"https:\/\/hausundgruen.de\/neu\/stellenanzeige-putzteufel\/","title":{"rendered":"Stellenanzeige (Putzteufel)"},"content":{"rendered":"<p>[et_pb_section fb_built=&#8220;1&#8243; fullwidth=&#8220;on&#8220; admin_label=&#8220;Hero Section&#8220; _builder_version=&#8220;4.4.6&#8243; background_image=&#8220;https:\/\/hausundgruen.de\/neu\/wp-content\/uploads\/2020\/02\/AdobeStock_285633178-scaled.jpeg&#8220; parallax=&#8220;on&#8220; custom_padding=&#8220;|||&#8220;][et_pb_fullwidth_header title=&#8220;Putzteufel&#8220; subhead=&#8220;das auge f\u00fcr Sauberkeit&#8220; button_one_text=&#8220;Melden Sie sich bitte&#8220; button_one_url=&#8220;https:\/\/hausundgruen.de\/neu\/contact&#8220; content_max_width=&#8220;900px&#8220; _builder_version=&#8220;4.4.6&#8243; title_font=&#8220;Raleway|700|||||||&#8220; title_font_size=&#8220;50px&#8220; title_line_height=&#8220;1.4em&#8220; content_font=&#8220;Poppins||||||||&#8220; content_font_size=&#8220;16px&#8220; content_line_height=&#8220;1.8em&#8220; subhead_font=&#8220;Poppins|600||on|||||&#8220; subhead_letter_spacing=&#8220;4px&#8220; subhead_line_height=&#8220;1.8em&#8220; background_color=&#8220;rgba(126,190,197,0)&#8220; use_background_color_gradient=&#8220;on&#8220; background_color_gradient_start=&#8220;#00aa00&#8243; background_color_gradient_end=&#8220;rgba(0,0,0,0)&#8220; background_color_gradient_direction=&#8220;90deg&#8220; background_color_gradient_end_position=&#8220;30%&#8220; background_color_gradient_overlays_image=&#8220;on&#8220; custom_button_one=&#8220;on&#8220; button_one_text_size=&#8220;14px&#8220; button_one_bg_color=&#8220;#29cb8b&#8220; button_one_border_width=&#8220;12px&#8220; button_one_border_color=&#8220;#29cb8b&#8220; button_one_letter_spacing=&#8220;2px&#8220; button_one_font=&#8220;Poppins|600||on|||||&#8220; button_one_icon=&#8220;%%3%%&#8220; custom_button_two=&#8220;on&#8220; button_two_text_size=&#8220;14px&#8220; button_two_text_color=&#8220;#29cb8b&#8220; button_two_bg_color=&#8220;#ffffff&#8220; button_two_border_width=&#8220;12px&#8220; button_two_border_color=&#8220;#ffffff&#8220; button_two_letter_spacing=&#8220;2px&#8220; button_two_font=&#8220;Poppins|600||on|||||&#8220; button_two_icon=&#8220;%%3%%&#8220; custom_padding=&#8220;100px||100px||true&#8220; hover_enabled=&#8220;0&#8243; title_font_size_tablet=&#8220;40px&#8220; title_font_size_phone=&#8220;30px&#8220; title_font_size_last_edited=&#8220;on|desktop&#8220; content_font_size_last_edited=&#8220;off|desktop&#8220; subhead_font_size_tablet=&#8220;40px&#8220; subhead_font_size_phone=&#8220;30px&#8220; subhead_font_size_last_edited=&#8220;off|desktop&#8220; button_one_letter_spacing_hover=&#8220;2px&#8220; button_two_letter_spacing_hover=&#8220;2px&#8220; button_one_text_size__hover_enabled=&#8220;off&#8220; button_two_text_size__hover_enabled=&#8220;off&#8220; button_one_text_color__hover_enabled=&#8220;off&#8220; button_two_text_color__hover_enabled=&#8220;off&#8220; button_one_border_width__hover_enabled=&#8220;off&#8220; button_two_border_width__hover_enabled=&#8220;off&#8220; button_one_border_color__hover_enabled=&#8220;off&#8220; button_two_border_color__hover_enabled=&#8220;off&#8220; button_one_border_radius__hover_enabled=&#8220;off&#8220; button_two_border_radius__hover_enabled=&#8220;off&#8220; button_one_letter_spacing__hover_enabled=&#8220;on&#8220; button_one_letter_spacing__hover=&#8220;2px&#8220; button_two_letter_spacing__hover_enabled=&#8220;on&#8220; button_two_letter_spacing__hover=&#8220;2px&#8220; button_one_bg_color__hover_enabled=&#8220;off&#8220; button_two_bg_color__hover_enabled=&#8220;off&#8220;][\/et_pb_fullwidth_header][\/et_pb_section][et_pb_section fb_built=&#8220;1&#8243; custom_padding_last_edited=&#8220;off|desktop&#8220; admin_label=&#8220;About Section&#8220; _builder_version=&#8220;3.22&#8243; module_alignment=&#8220;right&#8220; custom_padding=&#8220;80px||80px||true|false&#8220; custom_padding_tablet=&#8220;||120px|&#8220;][et_pb_row column_structure=&#8220;1_4,3_4&#8243; _builder_version=&#8220;3.25&#8243; custom_margin=&#8220;||50px|&#8220; custom_padding=&#8220;60px|0px|60px|0px|true|false&#8220; border_color_all=&#8220;rgba(0,0,0,0.12)&#8220; border_width_bottom=&#8220;2px&#8220;][et_pb_column type=&#8220;1_4&#8243; _builder_version=&#8220;3.25&#8243; custom_padding=&#8220;|||&#8220; custom_padding__hover=&#8220;|||&#8220;][et_pb_image src=&#8220;https:\/\/hausundgruen.de\/neu\/wp-content\/uploads\/2020\/01\/GHG-Logo-1.png&#8220; title_text=&#8220;GHG-Logo&#8220; _builder_version=&#8220;4.4.6&#8243; always_center_on_mobile=&#8220;off&#8220;][\/et_pb_image][\/et_pb_column][et_pb_column type=&#8220;3_4&#8243; _builder_version=&#8220;3.25&#8243; custom_padding=&#8220;|||&#8220; custom_padding__hover=&#8220;|||&#8220;][et_pb_text ul_type=&#8220;circle&#8220; ul_position=&#8220;inside&#8220; _builder_version=&#8220;4.4.6&#8243; text_font=&#8220;Poppins||||||||&#8220; text_font_size=&#8220;16px&#8220; text_line_height=&#8220;2em&#8220; ul_font=&#8220;Poppins||||||||&#8220; ul_line_height=&#8220;2em&#8220; header_font=&#8220;||||||||&#8220; header_3_font=&#8220;Raleway|700|||||||&#8220; header_3_font_size=&#8220;24px&#8220; header_3_line_height=&#8220;1.4em&#8220; max_width=&#8220;750px&#8220; custom_margin=&#8220;|||&#8220; locked=&#8220;off&#8220;]<\/p>\n<p style=\"text-align: center;\"><strong>WIR SUCHEN -UNBEFRISTET- VERST\u00c4RKUNG<\/strong>!<\/p>\n<p style=\"text-align: center;\">m\/w\/d<\/p>\n<p><u><\/u><\/p>\n<p><strong><em>Putzteufel f\u00fcr den Haus-Innenbereich (Minijob)<\/em><\/strong><\/p>\n<p>Sie sind zuverl\u00e4ssig, p\u00fcnktlich und haben ein spezielles Auge f\u00fcr Sauberkeit?<\/p>\n<p>In Ihnen steckt ein kleiner Putzteufel, der sich bei freier Zeiteinteilung etwas dazu verdienen m\u00f6chte?<\/p>\n<p>Au\u00dferdem sind Sie im Besitz einer g\u00fcltigen Fahrerlaubnis und eines eigenen PKWs?<\/p>\n<p><strong>Genau<\/strong> <strong>Sie<\/strong> suchen wir, f\u00fcr den gesamten mittelhessischen Raum, <u>ab sofort!<\/u><\/p>\n<p>Bewerben Sie sich \u00fcber unsere E-Mail: <a href=\"\/neu\/contact\">info@hausundgreun.de<\/a><\/p>\n<p><strong>Betreff: \u201ePutzteufel\u201c<\/strong><\/p>\n<p><strong>\u00a0<\/strong><\/p>\n<p>Wir freuen uns auf Sie!<\/p>\n<p>[\/et_pb_text][\/et_pb_column][\/et_pb_row][\/et_pb_section]<\/p>\n","protected":false},"excerpt":{"rendered":"<p>WIR SUCHEN -UNBEFRISTET- VERST\u00c4RKUNG! m\/w\/d Putzteufel f\u00fcr den Haus-Innenbereich (Minijob) Sie sind zuverl\u00e4ssig, p\u00fcnktlich und haben ein spezielles Auge f\u00fcr Sauberkeit? In Ihnen steckt ein kleiner Putzteufel, der sich bei freier Zeiteinteilung etwas dazu verdienen m\u00f6chte? Au\u00dferdem sind Sie im Besitz einer g\u00fcltigen Fahrerlaubnis und eines eigenen PKWs? Genau Sie suchen wir, f\u00fcr den gesamten [&hellip;]<\/p>\n","protected":false},"author":1,"featured_media":0,"parent":0,"menu_order":0,"comment_status":"closed","ping_status":"closed","template":"","meta":{"_et_pb_use_builder":"on","_et_pb_old_content":"","_et_gb_content_width":"","footnotes":""},"class_list":["post-597","page","type-page","status-publish","hentry"],"_links":{"self":[{"href":"https:\/\/hausundgruen.de\/neu\/wp-json\/wp\/v2\/pages\/597","targetHints":{"allow":["GET"]}}],"collection":[{"href":"https:\/\/hausundgruen.de\/neu\/wp-json\/wp\/v2\/pages"}],"about":[{"href":"https:\/\/hausundgruen.de\/neu\/wp-json\/wp\/v2\/types\/page"}],"author":[{"embeddable":true,"href":"https:\/\/hausundgruen.de\/neu\/wp-json\/wp\/v2\/users\/1"}],"replies":[{"embeddable":true,"href":"https:\/\/hausundgruen.de\/neu\/wp-json\/wp\/v2\/comments?post=597"}],"version-history":[{"count":3,"href":"https:\/\/hausundgruen.de\/neu\/wp-json\/wp\/v2\/pages\/597\/revisions"}],"predecessor-version":[{"id":614,"href":"https:\/\/hausundgruen.de\/neu\/wp-json\/wp\/v2\/pages\/597\/revisions\/614"}],"wp:attachment":[{"href":"https:\/\/hausundgruen.de\/neu\/wp-json\/wp\/v2\/media?parent=597"}],"curies":[{"name":"wp","href":"https:\/\/api.w.org\/{rel}","templated":true}]}}